{"id":6,"date":"2017-01-03T13:49:44","date_gmt":"2017-01-03T12:49:44","guid":{"rendered":"http:\/\/www.lesdiablotins.info\/?page_id=6"},"modified":"2025-12-09T21:30:02","modified_gmt":"2025-12-09T20:30:02","slug":"la-residence","status":"publish","type":"page","link":"https:\/\/www.lesdiablotins.info\/en\/","title":{"rendered":"La r\u00e9sidence"},"content":{"rendered":"<p style=\"text-align: left;\"><style type='text\/css'>\n\t\t\t#homepagepjc-slideshow .frs-timer { display: none !important; }\n\t\t\t\t\t\n\t\t\t\n\t\t\t\t\n\t\t\t\t\n\t\t\t#homepagepjc .frs-wrapper .frs-caption {\n\t\t\t\tdisplay:none;\n\t\t\t}\n\t\t\t#homepagepjc-slideshow .frs-caption h4, #homepagepjc-slideshow .frs-caption-inner h4{\n\t\t\t\tfont-size:22px;\n\t\t\t    margin:0px;\t\t\n\t\t\t}\n\t\t\t#homepagepjc-slideshow .frs-caption p, #homepagepjc-slideshow .frs-caption-inner p{\n\t\t\t    margin:0px;\t\t\n\t\t\t    font-size:16px;\n\t\t\t}\n\t\t\t.frs-slideshow-container span.frs-caption {\n\t\t\t\theight: 0px !important;\n\t\t\t\tposition: absolute;\n\t\t\t}\n\t\t\t.frs-caption-content div h1, .frs-caption-content div h2, .frs-caption-content div h3, .frs-caption-content div h4, .frs-caption-content div p {\n\t\t\t\tcolor: inherit !important;\n\t\t\t\ttext-align: inherit !important;\n\t\t\t\tline-height: 1.5;\n\t\t\t}\n\t\t\t\n\t\t<\/style><link rel='stylesheet' href='https:\/\/www.lesdiablotins.info\/wp-content\/plugins\/fluid-responsive-slideshow\/buttons\/frs-buttonskin-white.css' type='text\/css'><style>.frs-slideshow-container#homepagepjc {\r\n\tmargin-top: 25px;\r\n\tmargin-bottom: 75px;\r\n}<\/style><!-- Slideshow generated using Fluid-Responsive-Slideshow, https:\/\/www.tonjoostudio.com\/addons\/fluid-responsive-slideshow\/ -->\n\t\t<script type='text\/javascript'>\n\t\t\tjQuery(document).ready(function($) {\n\t\t\t\t$('#homepagepjc').frs({\n\t\t\t\t\tanimation : 'fade', \/\/ horizontal-slide, vertical-slide, fade\n\t\t\t\t\tanimationSpeed :  500, \/\/ how fast animtions are\n\t\t\t\t\ttimer :  true, \/\/ true or false to have the timer\n\t\t\t\t\tadvanceSpeed :   3000, \/\/ if timer is enabled, time between transitions\n\t\t\t\t\tpauseOnHover : false, \/\/ if you hover pauses the slider\n\t\t\t\t\tstartClockOnMouseOut :  true, \/\/ if clock should start on MouseOut\n\t\t\t\t\tstartClockOnMouseOutAfter :  800, \/\/ how long after MouseOut should the timer start again\n\t\t\t\t\tdirectionalNav : true, \/\/ manual advancing directional navs\n\t\t\t\t\tcaptions : true, \/\/ do you want captions?\n\t\t\t\t\tcaptionAnimation : 'fade', \/\/ fade, slideOpen, none\n\t\t\t\t\tcaptionAnimationSpeed : 800, \/\/ if so how quickly should they animate in\n\t\t\t\t\tbullets :  true, \/\/ true or false to activate the bullet navigation\n\t\t\t\t\tbulletThumbs : true, \/\/ thumbnails for the bullets\n\t\t\t\t\tbulletThumbLocation : '', \/\/ location from this file where thumbs will be\n\t\t\t\t\tnavigationSmallTreshold:  false,\n\t\t\t\t\tnavigationSmall: 600,\n\t\t\t\t\tskinClass: 'frs-skin-minimalist',\n\t\t\t\t\twidth: 650,\n\t\t\t\t\theight: 350,\n\t\t\t\t\tfullWidth: true,\n\t\t\t\t\tminHeight: 300,\n\t\t\t\t\tmaxHeight: 0,\n\t\t\t\t\tsbullets: false,\n\t\t\t\t\tsbulletsItemWidth: 200,\n\t\t\t\t\tcontinousSliding: false,\n\t\t\t\t\tjsOnly: false\n\t\t\t\t});\t\t\n\t\t\t\t\t\t\n\t\t\t\t\/**\n\t\t\t\t * touchSwipe\n\t\t\t\t *\/\n\t\t\t\t$('#homepagepjc-slideshow .frs-slide-img').swipe( \n\t\t\t\t{\n\t\t\t        swipeLeft:function(event, direction, distance, duration, fingerCount) {\n\t\t\t\t\t\t$('#homepagepjc-slideshow .frs-slider-nav .frs-arrow-right').click();\t\t\t\t\t\t\n\t\t\t\t\t},\n\n\t\t\t\t\tswipeRight:function(event, direction, distance, duration, fingerCount) {\n\t\t\t\t\t\t$('#homepagepjc-slideshow .frs-slider-nav .frs-arrow-left').click();\n\t\t\t\t\t},\n\n\t\t\t        triggerOnTouchLeave:true\n\t\t\t    });\n\t\t\t})\t\t\n\t\t<\/script>\n\t\t<!--[if lt IE 9]>\n\t\t\t<style type='text\/css'>\n\t\t\t#homepagepjc-slideshow .frs-timer { display: none !important; }\n\t\t\t#homepagepjc-slideshow div.caption { background:transparent; filter:progid:DXImageTransform.Microsoft.gradient(startColorstr=#99000000,endColorstr=#99000000);zoom: 1; }\n\t\t\t<\/style>\n\t\t<![endif]--><div class='frs-slideshow-container' id='homepagepjc'><div class='frs-slide-img-wrapper' style='display:none;'><div class='frs-slide-img' style = 'display:none;background:#000000' ><img alt='La r\u00e9sidence &quot;Les diablotins&quot;' src='https:\/\/www.lesdiablotins.info\/wp-content\/uploads\/2017\/02\/01.jpg' \/><div class='frs-caption frs-caption-position-sticky-top' style='display: block;' id='captionhomepagepjc'><div class='frs-caption-outer' style='height:100%;width:100%;display:table;'><div class='frs-caption-inner' style='text-align:center; height:100%;display:table-cell;'><div class='frs-caption-content' style='width: 41.666666666667%; background: url(\"https:\/\/www.lesdiablotins.info\/wp-content\/plugins\/fluid-responsive-slideshow\/backgrounds\/black.png\") repeat scroll 0% 0% transparent !important; padding:25px;'><h4 style='text-align:center; color:#ffffff;'>La r\u00e9sidence &quot;Les diablotins&quot;<\/h4><div style='text-align:center; color:#ffffff;'><\/div><\/div><\/div><\/div><\/div><\/div><div class='frs-slide-img' style = 'display:none;background:#000000' ><img alt='Diablotin 3' src='https:\/\/www.lesdiablotins.info\/wp-content\/uploads\/2017\/02\/02.jpg' \/><div class='frs-caption frs-caption-position-right' style='display: block;' id='captionhomepagepjc'><div class='frs-caption-outer' style='height:100%;width:100%;display:table;'><div class='frs-caption-inner' style='text-align:left; height:100%;display:table-cell;'><div class='frs-caption-content' style='width: 41.666666666667%; background: url(\"https:\/\/www.lesdiablotins.info\/wp-content\/plugins\/fluid-responsive-slideshow\/backgrounds\/black.png\") repeat scroll 0% 0% transparent !important; padding:25px;'><h4 style='text-align:left; color:#ffffff;'>Diablotin 3<\/h4><div style='text-align:left; color:#ffffff;'><p>6 personnes<\/p>\n<\/div><p style='padding-bottom:0px;text-align:left;' class='frs-caption-button frs-buttonskin-white'><a href='https:\/\/www.lesdiablotins.info\/diablotin3\/'><span>Plus d'infos!<\/span><\/a><\/p><\/div><\/div><\/div><\/div><\/div><div class='frs-slide-img' style = 'display:none;background:#000000' ><img alt='Diablotin 2' src='https:\/\/www.lesdiablotins.info\/wp-content\/uploads\/2017\/02\/03.jpg' \/><div class='frs-caption frs-caption-position-left' style='display: block;' id='captionhomepagepjc'><div class='frs-caption-outer' style='height:100%;width:100%;display:table;'><div class='frs-caption-inner' style='text-align:left; height:100%;display:table-cell;'><div class='frs-caption-content' style='width: 41.666666666667%; background: url(\"https:\/\/www.lesdiablotins.info\/wp-content\/plugins\/fluid-responsive-slideshow\/backgrounds\/black.png\") repeat scroll 0% 0% transparent !important; padding:25px;'><h4 style='text-align:left; color:#ffffff;'>Diablotin 2<\/h4><div style='text-align:left; color:#ffffff;'><p>8-10 personnes<\/p>\n<\/div><p style='padding-bottom:0px;text-align:left;' class='frs-caption-button frs-buttonskin-white'><a href='https:\/\/www.lesdiablotins.info\/diablotin2\/'><span>Plus d'infos!<\/span><\/a><\/p><\/div><\/div><\/div><\/div><\/div><div class='frs-slide-img' style = 'display:none;background:#000000' ><img alt='Diablotin 1' src='https:\/\/www.lesdiablotins.info\/wp-content\/uploads\/2017\/01\/1-2.jpg' \/><div class='frs-caption frs-caption-position-center' style='display: block;' id='captionhomepagepjc'><div class='frs-caption-outer' style='height:100%;width:100%;display:table;'><div class='frs-caption-inner' style='text-align:left; height:100%;display:table-cell;'><div class='frs-caption-content' style='width: 41.666666666667%; background: url(\"https:\/\/www.lesdiablotins.info\/wp-content\/plugins\/fluid-responsive-slideshow\/backgrounds\/black.png\") repeat scroll 0% 0% transparent !important; padding:25px;'><h4 style='text-align:left; color:#ffffff;'>Diablotin 1<\/h4><div style='text-align:left; color:#ffffff;'><p>6-11 personnes<\/p>\n<\/div><p style='padding-bottom:0px;text-align:left;' class='frs-caption-button frs-buttonskin-white'><a href='#'><span>Plus d'infos!<\/span><\/a><\/p><\/div><\/div><\/div><\/div><\/div><\/div><\/div><script type='text\/javascript'>jQuery(document).ready(function($){})<\/script><\/p>\n<p style=\"text-align: left;\">La r\u00e9sidence <em>Les Diablotins<\/em> est situ\u00e9e au lieu dit Les Onchets, sur les hauteurs du village de Saint-Jean d&#8217;Aulps. Ce lieu dit est un v\u00e9ritable tr\u00e9sor de la Vall\u00e9e d&#8217;Aulps. Tr\u00e8s ensoleill\u00e9, il domine la vall\u00e9e\u00a0et b\u00e9n\u00e9ficie d&#8217;une vue panoramique sur plusieurs des plus belles montagnes de celle-ci.\u00a0Face \u00e0 la r\u00e9sidence, dominant la vall\u00e9e, le r\u00e9put\u00e9 et autrefois craint Roc d&#8217;Enfer qui, avec son pendant le Pic de la Corne que l&#8217;on aper\u00e7oit derri\u00e8re la r\u00e9sidence, nous ont guid\u00e9s pour lui\u00a0donner son nom des Diablotins.\u00a0Ce havre de paix &#8211; paradis plut\u00f4t qu&#8217;enfer &#8211; est le point de d\u00e9part de nombreuses balades, aussi bien \u00e0 pied l&#8217;\u00e9t\u00e9 qu&#8217;en raquette ou en skis de randonn\u00e9e l&#8217;hiver.<\/p>\n<p style=\"text-align: left;\">Mais son environnement imm\u00e9diat n&#8217;est pas le seul atout de la r\u00e9sidence. Id\u00e9alement situ\u00e9e &#8211; \u00e0 seulement 10km du centre de Morzine &#8211; elle offre pendant la saison d&#8217;hiver un acc\u00e8s privil\u00e9gi\u00e9 aux stations du domaine international des Portes du soleil. A moins de 15\u00a0minutes en voiture, vous acc\u00e9dez au\u00a0domaine skiable de l&#8217;Espace Roc d&#8217;Enfer, au\u00a0domaine de Morzine-Nyon-Les Gets ou \u00e0 celui de la tr\u00e8s r\u00e9put\u00e9e station d&#8217;<a href=\"https:\/\/www.lesdiablotins.info\/blog\/2017\/01\/12\/avoriaz\/\">Avoriaz<\/a>, point d\u2019acc\u00e8s aux autres domaines (Chatel, Champery, Les Crosets&#8230;) des Portes du soleil. Quel que soit votre niveau, vos exigences et votre budget, vous\u00a0trouverez de quoi satisfaire votre envie de d\u00e9valer les pistes. Et pour ceux qui ne pratiquent pas le ski de piste, vous avez aussi acc\u00e8s \u00e0 trois domaines de ski de fond, et aux nombreuses balades \u00e0 raquette ou en ski de randonn\u00e9e de la vall\u00e9e.<\/p>\n<p style=\"text-align: left;\">L\u2019\u00e9t\u00e9, sa proximit\u00e9 avec le lac L\u00e9man situ\u00e9 \u00e0 25 kilom\u00e8tre seulement est un v\u00e9ritable atout : aux nombreuses activit\u00e9s de montagne propos\u00e9es par la vall\u00e9e (randonn\u00e9e, vtt, escalade, via ferrata, \u00e9quitation &#8230;) \u00a0s&#8217;ajoutent toutes celles permises par le plus grand lac &#8211; 580 km2 &#8211; de France et de Suisse (voile, plong\u00e9e, baignade &#8230;)<\/p>\n<p style=\"text-align: left;\">C&#8217;est sans aucun doutes cette situation privil\u00e9gi\u00e9e qui nous a motiv\u00e9 \u00e0\u00a0racheter en 2011 un des quatre b\u00e2timents de l&#8217;ancienne colonie de vacances, et \u00e0 le transformer apr\u00e8s des travaux de r\u00e9novation complets en 3 logements \u00e9cologiques de grand standing.\u00a0De 2 \u00e0 26 personnes &#8211; en combinant les 3 logements\u00a0-n&#8217;attendez plus pour venir d\u00e9couvrir cet endroit magnifique!<\/p>\n<figure id=\"attachment_580\" aria-describedby=\"caption-attachment-580\" style=\"width: 910px\" class=\"wp-caption aligncenter\"><img loading=\"lazy\" decoding=\"async\" class=\"wp-image-580 size-full\" src=\"https:\/\/www.lesdiablotins.info\/wp-content\/uploads\/2017\/02\/decoupage.jpg\" width=\"920\" height=\"318\" srcset=\"https:\/\/www.lesdiablotins.info\/wp-content\/uploads\/2017\/02\/decoupage.jpg 920w, https:\/\/www.lesdiablotins.info\/wp-content\/uploads\/2017\/02\/decoupage-300x104.jpg 300w, https:\/\/www.lesdiablotins.info\/wp-content\/uploads\/2017\/02\/decoupage-768x265.jpg 768w\" sizes=\"auto, (max-width: 920px) 100vw, 920px\" \/><figcaption id=\"caption-attachment-580\" class=\"wp-caption-text\">R\u00e9partition des 3 logements<\/figcaption><\/figure>\n\n<table id=\"tablepress-1\" class=\"tablepress tablepress-id-1 tbody-has-connected-cells\">\n<tbody>\n<tr class=\"row-1\">\n\t<td class=\"column-1\"><\/td><td class=\"column-2\">Diablotin&nbsp;1<\/td><td class=\"column-3\">Diablotin&nbsp;2<\/td><td class=\"column-4\">Diablotin&nbsp;3<\/td><td class=\"column-5\">Diablotins&nbsp;2+3<\/td><td class=\"column-6\">Diablotins&nbsp;1+2+3<\/td>\n<\/tr>\n<tr class=\"row-2\">\n\t<td class=\"column-1\">Capacit\u00e9<\/td><td class=\"column-2\">6-10 Pers.<\/td><td class=\"column-3\">8-10 Pers.<\/td><td class=\"column-4\">6 Pers.<\/td><td class=\"column-5\">14-16 Pers.<\/td><td class=\"column-6\">16-26 Pers.<\/td>\n<\/tr>\n<tr class=\"row-3\">\n\t<td class=\"column-1\">Surface habitable<\/td><td class=\"column-2\">125 m2<\/td><td class=\"column-3\">170 m2<\/td><td class=\"column-4\">70 m2<\/td><td class=\"column-5\">240 m2<\/td><td class=\"column-6\">355 m2<\/td>\n<\/tr>\n<tr class=\"row-4\">\n\t<td class=\"column-1\">Extras<\/td><td class=\"column-2\"><a href=\"https:\/\/www.lesdiablotins.info\/photos\/\">La vue<\/a><\/td><td class=\"column-3\"><a href=\"https:\/\/www.lesdiablotins.info\/photos\/\">La vue<\/a><\/td><td class=\"column-4\"><a href=\"https:\/\/www.lesdiablotins.info\/photos\/\">La vue<\/a><\/td><td class=\"column-5\"><a href=\"https:\/\/www.lesdiablotins.info\/photos\/\">La vue<\/a><\/td><td class=\"column-6\"><a href=\"https:\/\/www.lesdiablotins.info\/photos\/\">La vue<\/a><\/td>\n<\/tr>\n<tr class=\"row-5\">\n\t<td class=\"column-1\"><\/td><td class=\"column-2\">Homecin\u00e9ma<\/td><td colspan=\"2\" class=\"column-3\">Spa \u00e0 d\u00e9bordement 6p. (partag\u00e9)<\/td><td colspan=\"2\" class=\"column-5\">Spa \u00e0 d\u00e9bordement 6 personnes (privatif)<\/td>\n<\/tr>\n<tr class=\"row-6\">\n\t<td class=\"column-1\"><\/td><td class=\"column-2\">Po\u00eale \u00e0 bois<\/td><td colspan=\"2\" class=\"column-3\">Sauna tonneau 6p. (partag\u00e9)<\/td><td colspan=\"2\" class=\"column-5\">Sauna tonneau 6p. (privatif)<\/td>\n<\/tr>\n<tr class=\"row-7\">\n\t<td class=\"column-1\"><\/td><td class=\"column-2\">Jardin\/terrasse<\/td><td class=\"column-3\">Salon 80 m2<\/td><td class=\"column-4\">Po\u00eale \u00e0 bois<\/td><td class=\"column-5\">Salon 80 m2<\/td><td class=\"column-6\">Salon 80 m2<\/td>\n<\/tr>\n<tr class=\"row-8\">\n\t<td class=\"column-1\"><\/td><td class=\"column-2\">Cuisine super \u00e9quip\u00e9e<\/td><td class=\"column-3\">Po\u00eale \u00e0 bois<\/td><td class=\"column-4\">Terrasse<\/td><td class=\"column-5\">Grand jardin<\/td><td class=\"column-6\">Grand jardin<\/td>\n<\/tr>\n<tr class=\"row-9\">\n\t<td class=\"column-1\"><\/td><td class=\"column-2\">Sauna 4 personnes<\/td><td class=\"column-3\">Terrasse\/Grand jardin<\/td><td class=\"column-4\"><\/td><td class=\"column-5\">2 Terrasses<\/td><td class=\"column-6\"><\/td>\n<\/tr>\n<tr class=\"row-10\">\n\t<td class=\"column-1\"><\/td><td class=\"column-2\">Baignoire baln\u00e9o 2 personnes<\/td><td class=\"column-3\">Cuisine super \u00e9quip\u00e9e<\/td><td class=\"column-4\"><\/td><td class=\"column-5\"><\/td><td class=\"column-6\"><\/td>\n<\/tr>\n<tr class=\"row-11\">\n\t<td class=\"column-1\">Lien<\/td><td class=\"column-2\"><a href=\"https:\/\/www.lesdiablotins.info\/diablotin1\/\">Diablotin&nbsp;1<\/a><\/td><td class=\"column-3\"><a href=\"https:\/\/www.lesdiablotins.info\/diablotin2\/\">Diablotin&nbsp;2<\/a><\/td><td class=\"column-4\"><a href=\"https:\/\/www.lesdiablotins.info\/diablotin3\/\">Diablotin&nbsp;3<\/a><\/td><td class=\"column-5\"><a href=\"https:\/\/www.lesdiablotins.info\/diablotin2\/\">Diablotin&nbsp;2<\/a><\/br><a href=\"https:\/\/www.lesdiablotins.info\/diablotin3\/\">Diablotin&nbsp;3<\/a><br \/>\n<\/td><td class=\"column-6\"><a href=\"https:\/\/www.lesdiablotins.info\/diablotin1\/\">Diablotin&nbsp;1<\/a><\/br><a href=\"https:\/\/www.lesdiablotins.info\/diablotin2\/\">Diablotin&nbsp;2<\/a><\/br><a href=\"https:\/\/www.lesdiablotins.info\/diablotin3\/\">Diablotin&nbsp;3<\/a><\/td>\n<\/tr>\n<\/tbody>\n<\/table>\n\n\n\n<p><\/p>\n","protected":false},"excerpt":{"rendered":"<p>La r\u00e9sidence Les Diablotins est situ\u00e9e au lieu dit Les Onchets, sur les hauteurs du village de Saint-Jean d&#8217;Aulps. Ce lieu dit est un v\u00e9ritable tr\u00e9sor de la Vall\u00e9e d&#8217;Aulps. Tr\u00e8s ensoleill\u00e9, il domine la vall\u00e9e\u00a0et b\u00e9n\u00e9ficie d&#8217;une vue panoramique sur plusieurs des plus belles montagnes de celle-ci.\u00a0Face \u00e0 la r\u00e9sidence, dominant la vall\u00e9e, le &#8230; <a title=\"Protected: Diablotin 1\" class=\"read-more\" href=\"https:\/\/www.lesdiablotins.info\/en\/blog\/pjc_slideshow\/diablotin-1-3\/\" aria-label=\"Read more about Protected: Diablotin 1\">Read more<\/a><\/p>\n","protected":false},"author":1,"featured_media":0,"parent":0,"menu_order":0,"comment_status":"closed","ping_status":"closed","template":"","meta":{"footnotes":""},"class_list":["post-6","page","type-page","status-publish","hentry"],"_links":{"self":[{"href":"https:\/\/www.lesdiablotins.info\/en\/wp-json\/wp\/v2\/pages\/6","targetHints":{"allow":["GET"]}}],"collection":[{"href":"https:\/\/www.lesdiablotins.info\/en\/wp-json\/wp\/v2\/pages"}],"about":[{"href":"https:\/\/www.lesdiablotins.info\/en\/wp-json\/wp\/v2\/types\/page"}],"author":[{"embeddable":true,"href":"https:\/\/www.lesdiablotins.info\/en\/wp-json\/wp\/v2\/users\/1"}],"replies":[{"embeddable":true,"href":"https:\/\/www.lesdiablotins.info\/en\/wp-json\/wp\/v2\/comments?post=6"}],"version-history":[{"count":48,"href":"https:\/\/www.lesdiablotins.info\/en\/wp-json\/wp\/v2\/pages\/6\/revisions"}],"predecessor-version":[{"id":1447,"href":"https:\/\/www.lesdiablotins.info\/en\/wp-json\/wp\/v2\/pages\/6\/revisions\/1447"}],"wp:attachment":[{"href":"https:\/\/www.lesdiablotins.info\/en\/wp-json\/wp\/v2\/media?parent=6"}],"curies":[{"name":"wp","href":"https:\/\/api.w.org\/{rel}","templated":true}]}}